{"id":4077,"date":"2023-03-21T12:23:53","date_gmt":"2023-03-21T11:23:53","guid":{"rendered":"https:\/\/mozano.pl\/?page_id=4077"},"modified":"2023-03-27T09:05:32","modified_gmt":"2023-03-27T08:05:32","slug":"oferta-specjalna","status":"publish","type":"page","link":"https:\/\/mozanohome.pl\/index.php\/oferta-specjalna\/","title":{"rendered":"Oferta specjalna"},"content":{"rendered":"\t\t<div data-elementor-type=\"wp-page\" data-elementor-id=\"4077\" class=\"elementor elementor-4077\" data-elementor-post-type=\"page\">\n\t\t\t\t\t\t<section class=\"elementor-section elementor-top-section elementor-element elementor-element-d87317b elementor-section-boxed elementor-section-height-default elementor-section-height-default\" data-id=\"d87317b\" data-element_type=\"section\" data-settings=\"{&quot;background_background&quot;:&quot;classic&quot;}\">\n\t\t\t\t\t\t\t<div class=\"elementor-background-overlay\"><\/div>\n\t\t\t\t\t\t\t<div class=\"elementor-container elementor-column-gap-default\">\n\t\t\t\t\t<div class=\"elementor-column elementor-col-100 elementor-top-column elementor-element elementor-element-2068b15\" data-id=\"2068b15\" data-element_type=\"column\">\n\t\t\t<div class=\"elementor-widget-wrap elementor-element-populated\">\n\t\t\t\t\t\t<div class=\"elementor-element elementor-element-39b7798 elementor-widget elementor-widget-heading\" data-id=\"39b7798\" data-element_type=\"widget\" data-widget_type=\"heading.default\">\n\t\t\t\t\t<h2 class=\"elementor-heading-title elementor-size-default\">Zyskaj dodatkowe 30 dni gwarancji<\/h2>\t\t\t\t<\/div>\n\t\t\t\t<div class=\"elementor-element elementor-element-d325079 elementor-widget elementor-widget-text-editor\" data-id=\"d325079\" data-element_type=\"widget\" data-widget_type=\"text-editor.default\">\n\t\t\t\t\t\t\t\t\t<p>Przed\u0142u\u017c gwarancj\u0119 ju\u017c dzi\u015b!<\/p>\t\t\t\t\t\t\t\t<\/div>\n\t\t\t\t<div class=\"elementor-element elementor-element-28d2d18 elementor-widget-divider--view-line elementor-widget elementor-widget-divider\" data-id=\"28d2d18\" data-element_type=\"widget\" data-widget_type=\"divider.default\">\n\t\t\t\t\t\t\t<div class=\"elementor-divider\">\n\t\t\t<span class=\"elementor-divider-separator\">\n\t\t\t\t\t\t<\/span>\n\t\t<\/div>\n\t\t\t\t\t\t<\/div>\n\t\t\t\t<section class=\"elementor-section elementor-inner-section elementor-element elementor-element-a45450b elementor-section-boxed elementor-section-height-default elementor-section-height-default\" data-id=\"a45450b\" data-element_type=\"section\">\n\t\t\t\t\t\t<div class=\"elementor-container elementor-column-gap-default\">\n\t\t\t\t\t<div class=\"elementor-column elementor-col-33 elementor-inner-column elementor-element elementor-element-c1acb89\" data-id=\"c1acb89\" data-element_type=\"column\">\n\t\t\t<div class=\"elementor-widget-wrap\">\n\t\t\t\t\t\t\t<\/div>\n\t\t<\/div>\n\t\t\t\t<div class=\"elementor-column elementor-col-33 elementor-inner-column elementor-element elementor-element-f066332\" data-id=\"f066332\" data-element_type=\"column\">\n\t\t\t<div class=\"elementor-widget-wrap elementor-element-populated\">\n\t\t\t\t\t\t<div class=\"elementor-element elementor-element-b4a1190 elementor-widget elementor-widget-text-editor\" data-id=\"b4a1190\" data-element_type=\"widget\" data-widget_type=\"text-editor.default\">\n\t\t\t\t\t\t\t\t\t<p>Dzie\u0144 dobry!<\/p><p>Dzi\u0119kujemy za zaufanie i skorzystanie z oferty MOZANO. Niech wybrany produkt s\u0142u\u017cy Ci jak najlepiej, i jak najd\u0142u\u017cej!<\/p>\t\t\t\t\t\t\t\t<\/div>\n\t\t\t\t<div class=\"elementor-element elementor-element-8396818 elementor-widget elementor-widget-heading\" data-id=\"8396818\" data-element_type=\"widget\" data-widget_type=\"heading.default\">\n\t\t\t\t\t<h3 class=\"elementor-heading-title elementor-size-default\">Dodaj opini\u0119 o zakupach i ODBIERZ JU\u017b DZI\u015a DARMOWE PRZED\u0141U\u017bENIE GWARANCJI.<\/h3>\t\t\t\t<\/div>\n\t\t\t\t<div class=\"elementor-element elementor-element-0c9d9fd elementor-widget elementor-widget-text-editor\" data-id=\"0c9d9fd\" data-element_type=\"widget\" data-widget_type=\"text-editor.default\">\n\t\t\t\t\t\t\t\t\t<p>Jeste\u015bmy zainteresowani Twoj\u0105 opini\u0105, poniewa\u017c chcemy zapewni\u0107 najlepsz\u0105 jako\u015b\u0107 naszych produkt\u00f3w oraz \u015bwiadczonych us\u0142ug sprzeda\u017cowych.<\/p><h4>Gdy z\u0142o\u017cysz opini\u0119 w serwisie Allegro o zakupionym produkcie oraz sprzedawcy, przed\u0142u\u017cymy gwarancj\u0119 na Twoje zakupy o dodatkowe 30 dni! To doskona\u0142y spos\u00f3b, aby\u015b m\u00f3g\u0142 cieszy\u0107 si\u0119 naszym produktem z pe\u0142nym spokojem i pewno\u015bci\u0105, \u017ce jest on w 100% zgodny z Twoimi oczekiwaniami.<\/h4><p>Je\u017celi zakupi\u0142e\u015b produkt przez inny serwis zakupowy, podziel si\u0119 swoj\u0105 opini\u0105 przez dany serwis, b\u0105d\u017a opinie Google, aby otrzyma\u0107 dodatkowe 30 dni gwarancji.<\/p><p>W przypadku, gdy zamierzasz wystawi\u0107 ocen\u0119 ni\u017csz\u0105 ni\u017c 5 * -&gt; DAJ NAM O TYM ZNA\u0106 &#8211; spr\u00f3bujemy rozwi\u0105za\u0107 Tw\u00f3j problem oraz poprawi\u0107 jako\u015b\u0107 swoich us\u0142ug.<\/p><h4>Jak to zrobi\u0107 na Allegro?<\/h4><ol><li style=\"text-align: left;\">Zaloguj si\u0119 na swoje konto na allegro.pl lub w aplikacji.<\/li><li style=\"text-align: left;\">W zak\u0142adce Zakupy, wybierz Ocen produkty, a nast\u0119pnie Ocen Sprzedawc\u0119<\/li><li style=\"text-align: left;\">Powiadom nas o tym w odpowiedzi email, sms, lub przez allegro.pl<\/li><li style=\"text-align: left;\">W odpowiedzi otrzymasz potwierdzenie przed\u0142u\u017cenia gwarancji<\/li><\/ol><p>Dzi\u0119kujemy Ci za Twoje zaanga\u017cowanie. Zach\u0119camy do z\u0142o\u017cenia opinii ju\u017c dzi\u015b.<\/p><p>*Oferta kierowana jest do klient\u00f3w, kt\u00f3rzy dokonali oceny w przeci\u0105gu 14 dni od otrzymania przesy\u0142ki. Klient zobowi\u0105zuje si\u0119 do udokumentowania wystawionych opinii w momencie, gdy wyra\u017ca aprobat\u0119 skorzystania z promocji.<\/p><p>Pozdrawiamy, <br \/>Zesp\u00f3\u0142 Obs\u0142ugi Klienta Mozano<\/p>\t\t\t\t\t\t\t\t<\/div>\n\t\t\t\t\t<\/div>\n\t\t<\/div>\n\t\t\t\t<div class=\"elementor-column elementor-col-33 elementor-inner-column elementor-element elementor-element-db7c933\" data-id=\"db7c933\" data-element_type=\"column\">\n\t\t\t<div class=\"elementor-widget-wrap\">\n\t\t\t\t\t\t\t<\/div>\n\t\t<\/div>\n\t\t\t\t\t<\/div>\n\t\t<\/section>\n\t\t\t\t\t<\/div>\n\t\t<\/div>\n\t\t\t\t\t<\/div>\n\t\t<\/section>\n\t\t\t\t<\/div>\n\t\t","protected":false},"excerpt":{"rendered":"<p>Zyskaj dodatkowe 30 dni gwarancji Przed\u0142u\u017c gwarancj\u0119 ju\u017c dzi\u015b! Dzie\u0144 dobry! Dzi\u0119kujemy za zaufanie i skorzystanie z oferty MOZANO. Niech wybrany produkt s\u0142u\u017cy Ci jak najlepiej, i jak najd\u0142u\u017cej! Dodaj opini\u0119 o zakupach i ODBIERZ JU\u017b DZI\u015a DARMOWE PRZED\u0141U\u017bENIE GWARANCJI. Jeste\u015bmy zainteresowani Twoj\u0105 opini\u0105, poniewa\u017c chcemy zapewni\u0107 najlepsz\u0105 jako\u015b\u0107 naszych produkt\u00f3w oraz \u015bwiadczonych us\u0142ug sprzeda\u017cowych. [&hellip;]<\/p>\n","protected":false},"author":2,"featured_media":0,"parent":0,"menu_order":0,"comment_status":"closed","ping_status":"closed","template":"elementor_header_footer","meta":{"ocean_post_layout":"","ocean_both_sidebars_style":"","ocean_both_sidebars_content_width":0,"ocean_both_sidebars_sidebars_width":0,"ocean_sidebar":"0","ocean_second_sidebar":"0","ocean_disable_margins":"enable","ocean_add_body_class":"","ocean_shortcode_before_top_bar":"","ocean_shortcode_after_top_bar":"","ocean_shortcode_before_header":"","ocean_shortcode_after_header":"","ocean_has_shortcode":"","ocean_shortcode_after_title":"","ocean_shortcode_before_footer_widgets":"","ocean_shortcode_after_footer_widgets":"","ocean_shortcode_before_footer_bottom":"","ocean_shortcode_after_footer_bottom":"","ocean_display_top_bar":"default","ocean_display_header":"default","ocean_header_style":"","ocean_center_header_left_menu":"0","ocean_custom_header_template":"0","ocean_custom_logo":0,"ocean_custom_retina_logo":0,"ocean_custom_logo_max_width":0,"ocean_custom_logo_tablet_max_width":0,"ocean_custom_logo_mobile_max_width":0,"ocean_custom_logo_max_height":0,"ocean_custom_logo_tablet_max_height":0,"ocean_custom_logo_mobile_max_height":0,"ocean_header_custom_menu":"0","ocean_menu_typo_font_family":"0","ocean_menu_typo_font_subset":"","ocean_menu_typo_font_size":0,"ocean_menu_typo_font_size_tablet":0,"ocean_menu_typo_font_size_mobile":0,"ocean_menu_typo_font_size_unit":"px","ocean_menu_typo_font_weight":"","ocean_menu_typo_font_weight_tablet":"","ocean_menu_typo_font_weight_mobile":"","ocean_menu_typo_transform":"","ocean_menu_typo_transform_tablet":"","ocean_menu_typo_transform_mobile":"","ocean_menu_typo_line_height":0,"ocean_menu_typo_line_height_tablet":0,"ocean_menu_typo_line_height_mobile":0,"ocean_menu_typo_line_height_unit":"","ocean_menu_typo_spacing":0,"ocean_menu_typo_spacing_tablet":0,"ocean_menu_typo_spacing_mobile":0,"ocean_menu_typo_spacing_unit":"","ocean_menu_link_color":"","ocean_menu_link_color_hover":"","ocean_menu_link_color_active":"","ocean_menu_link_background":"","ocean_menu_link_hover_background":"","ocean_menu_link_active_background":"","ocean_menu_social_links_bg":"","ocean_menu_social_hover_links_bg":"","ocean_menu_social_links_color":"","ocean_menu_social_hover_links_color":"","ocean_disable_title":"default","ocean_disable_heading":"default","ocean_post_title":"","ocean_post_subheading":"","ocean_post_title_style":"","ocean_post_title_background_color":"","ocean_post_title_background":0,"ocean_post_title_bg_image_position":"","ocean_post_title_bg_image_attachment":"","ocean_post_title_bg_image_repeat":"","ocean_post_title_bg_image_size":"","ocean_post_title_height":0,"ocean_post_title_bg_overlay":0.5,"ocean_post_title_bg_overlay_color":"","ocean_disable_breadcrumbs":"default","ocean_breadcrumbs_color":"","ocean_breadcrumbs_separator_color":"","ocean_breadcrumbs_links_color":"","ocean_breadcrumbs_links_hover_color":"","ocean_display_footer_widgets":"default","ocean_display_footer_bottom":"default","ocean_custom_footer_template":"0","footnotes":""},"class_list":["post-4077","page","type-page","status-publish","hentry","entry"],"_links":{"self":[{"href":"https:\/\/mozanohome.pl\/index.php\/wp-json\/wp\/v2\/pages\/4077","targetHints":{"allow":["GET"]}}],"collection":[{"href":"https:\/\/mozanohome.pl\/index.php\/wp-json\/wp\/v2\/pages"}],"about":[{"href":"https:\/\/mozanohome.pl\/index.php\/wp-json\/wp\/v2\/types\/page"}],"author":[{"embeddable":true,"href":"https:\/\/mozanohome.pl\/index.php\/wp-json\/wp\/v2\/users\/2"}],"replies":[{"embeddable":true,"href":"https:\/\/mozanohome.pl\/index.php\/wp-json\/wp\/v2\/comments?post=4077"}],"version-history":[{"count":16,"href":"https:\/\/mozanohome.pl\/index.php\/wp-json\/wp\/v2\/pages\/4077\/revisions"}],"predecessor-version":[{"id":4094,"href":"https:\/\/mozanohome.pl\/index.php\/wp-json\/wp\/v2\/pages\/4077\/revisions\/4094"}],"wp:attachment":[{"href":"https:\/\/mozanohome.pl\/index.php\/wp-json\/wp\/v2\/media?parent=4077"}],"curies":[{"name":"wp","href":"https:\/\/api.w.org\/{rel}","templated":true}]}}